{"id":919,"date":"2020-12-30T14:33:30","date_gmt":"2020-12-30T13:33:30","guid":{"rendered":"https:\/\/www.zerobarriere.net\/public\/?page_id=919"},"modified":"2020-12-30T16:17:26","modified_gmt":"2020-12-30T15:17:26","slug":"privacy-policy","status":"publish","type":"page","link":"https:\/\/www.zerobarriere.net\/public\/privacy-policy\/","title":{"rendered":"Privacy &#038; Cookie Policy"},"content":{"rendered":"\t\t<div data-elementor-type=\"wp-page\" data-elementor-id=\"919\" class=\"elementor elementor-919\" data-elementor-settings=\"[]\">\n\t\t\t\t\t\t<div class=\"elementor-inner\">\n\t\t\t\t\t\t\t<div class=\"elementor-section-wrap\">\n\t\t\t\t\t\t\t<section class=\"elementor-section elementor-top-section elementor-element elementor-element-0a8fd04 elementor-section-content-middle elementor-section-height-min-height elementor-section-boxed elementor-section-height-default elementor-section-items-middle\" data-id=\"0a8fd04\" data-element_type=\"section\" data-settings=\"{&quot;background_background&quot;:&quot;classic&quot;}\">\n\t\t\t\t\t\t<div class=\"elementor-container elementor-column-gap-default\">\n\t\t\t\t\t\t\t<div class=\"elementor-row\">\n\t\t\t\t\t<div class=\"elementor-column elementor-col-100 elementor-top-column elementor-element elementor-element-c048860\" data-id=\"c048860\" data-element_type=\"column\">\n\t\t\t<div class=\"elementor-column-wrap elementor-element-populated\">\n\t\t\t\t\t\t\t<div class=\"elementor-widget-wrap\">\n\t\t\t\t\t\t<div class=\"elementor-element elementor-element-1424aa1 elementor-widget elementor-widget-spacer\" data-id=\"1424aa1\" data-element_type=\"widget\" data-widget_type=\"spacer.default\">\n\t\t\t\t<div class=\"elementor-widget-container\">\n\t\t\t\t\t<div class=\"elementor-spacer\">\n\t\t\t<div class=\"elementor-spacer-inner\"><\/div>\n\t\t<\/div>\n\t\t\t\t<\/div>\n\t\t\t\t<\/div>\n\t\t\t\t<div class=\"elementor-element elementor-element-4b29cf4 elementor-widget__width-initial elementor-widget-tablet__width-inherit elementor-widget elementor-widget-heading\" data-id=\"4b29cf4\" data-element_type=\"widget\" data-widget_type=\"heading.default\">\n\t\t\t\t<div class=\"elementor-widget-container\">\n\t\t\t<h2 class=\"elementor-heading-title elementor-size-default\">PRIVACY POLICY<\/h2>\t\t<\/div>\n\t\t\t\t<\/div>\n\t\t\t\t<div class=\"elementor-element elementor-element-3ccd09d elementor-widget elementor-widget-spacer\" data-id=\"3ccd09d\" data-element_type=\"widget\" data-widget_type=\"spacer.default\">\n\t\t\t\t<div class=\"elementor-widget-container\">\n\t\t\t\t\t<div class=\"elementor-spacer\">\n\t\t\t<div class=\"elementor-spacer-inner\"><\/div>\n\t\t<\/div>\n\t\t\t\t<\/div>\n\t\t\t\t<\/div>\n\t\t\t\t\t\t<\/div>\n\t\t\t\t\t<\/div>\n\t\t<\/div>\n\t\t\t\t\t\t\t\t<\/div>\n\t\t\t\t\t<\/div>\n\t\t<\/section>\n\t\t\t\t<section class=\"elementor-section elementor-top-section elementor-element elementor-element-75968f7 elementor-section-boxed elementor-section-height-default elementor-section-height-default\" data-id=\"75968f7\" data-element_type=\"section\">\n\t\t\t\t\t\t<div class=\"elementor-container elementor-column-gap-default\">\n\t\t\t\t\t\t\t<div class=\"elementor-row\">\n\t\t\t\t\t<div class=\"elementor-column elementor-col-100 elementor-top-column elementor-element elementor-element-f7124a8\" data-id=\"f7124a8\" data-element_type=\"column\">\n\t\t\t<div class=\"elementor-column-wrap elementor-element-populated\">\n\t\t\t\t\t\t\t<div class=\"elementor-widget-wrap\">\n\t\t\t\t\t\t<div class=\"elementor-element elementor-element-adaa5e7 elementor-widget elementor-widget-text-editor\" data-id=\"adaa5e7\" data-element_type=\"widget\" data-widget_type=\"text-editor.default\">\n\t\t\t\t<div class=\"elementor-widget-container\">\n\t\t\t\t\t<div class=\"elementor-text-editor elementor-clearfix\"><h2>\u00a0<\/h2><p><strong>Informativa ai sensi dell\u2019art. 13 del Codice della Privacy<\/strong><\/p><p><b>Ai sensi dell\u2019articolo 13 del codice della D.Lgs. 196\/2003, vi rendiamo le seguenti informazioni.<\/b><\/p><p>Noi di <b>zerobarriere.net<\/b> riteniamo che la privacy dei nostri visitatori sia estremamente importante. Questo documento descrive dettagliatamente i tipi di informazioni personali raccolti e registrati dal nostro sito e come essi vengano utilizzati.<\/p><h3>File di Registrazione (Log Files)<\/h3><p>Come molti altri siti web, il nostro utilizza file di log. Questi file registrano semplicemente i visitatori del sito \u2013 di solito una procedura standard delle aziende di hosting e dei servizi di analisi degli hosting.<\/p><p>Le informazioni contenute nei file di registro comprendono indirizzi di protocollo Internet (IP), il tipo di browser, Internet Service Provider (ISP), informazioni come data e ora, pagine referral, pagine d\u2019uscita ed entrata o il numero di clic.<\/p><p>Queste informazioni vengono utilizzate per analizzare le tendenze, amministrare il sito, monitorare il movimento degli utenti sul sito e raccogliere informazioni demografiche. Gli indirizzi IP e le altre informazioni non sono collegate a informazioni personali che possono essere identificate, dunque <strong>tutti i dati sono raccolti in forma assolutamente anonima<\/strong>.<\/p><div><h3>Questo sito web utilizza i Cookies<\/h3><p>I cookies sono piccoli file di testo che vengono automaticamente posizionati sul PC del navigatore all\u2019interno del browser. Essi contengono informazioni di base sulla navigazione in Internet e grazie al browser vengono riconosciuti ogni volta che l\u2019utente visita il sito.<\/p><h3>Cookie Policy<\/h3><p>Questo sito utilizza cookies, anche di terze parti, per migliorarne l\u2019esperienza di navigazione, consentire a chi naviga di usufruire di eventuali servizi online e monitorare la navigazione nel sito.<\/p><h3>Come disabilitare i Cookies<\/h3><p>E\u2019 possibile disabilitare i cookies direttamente dal browser utilizzato, accedendo alle impostazioni (preferenze oppure opzioni): questa scelta potrebbe limitare alcune funzionalit\u00e0 di navigazione del sito.<\/p><h3>Gestione dei Cookies<\/h3><p>I cookies utilizzati in questo sito possono rientrare nelle categorie descritte di seguito.<\/p><ul><li><strong>Attivit\u00e0 strettamente necessarie al funzionamento<\/strong><p>Questi cookies hanno natura tecnica e permettono al sito di funzionare correttamente. Ad esempio, mantengono l\u2019utente collegato durante la navigazione evitando che il sito richieda di collegarsi pi\u00f9 volte per accedere alle pagine successive.<\/p><\/li><li><strong>Attivit\u00e0 di salvataggio delle preferenze<\/strong><p>Questi cookie permettono di ricordare le preferenze selezionate dall\u2019utente durante la navigazione, ad esempio, consentono di impostare la lingua.<\/p><\/li><li><strong>Attivit\u00e0 Statistiche e di Misurazione dell\u2019audience (es: Google Analytics)<\/strong><p>Questi cookie ci aiutano a capire, attraverso dati raccolti in forma anonima e aggregata, come gli utenti interagiscono con i siti internet fornendo informazioni relative alle sezioni visitate, il tempo trascorso sul sito, eventuali malfunzionamenti. Questo aiuta a migliorare la resa dei siti internet.<\/p><\/li><li><strong>Cookie di social media (es: Facebook)<\/strong><p>Questi cookie di terza parte vengono utilizzati per integrare alcune diffuse funzionalit\u00e0 dei principali social media e fornirle all\u2019interno del sito. In particolare permettono la registrazione e l\u2019autenticazione sul sito tramite facebook e google connect, la condivisione e i commenti di pagine del sito sui social, abilitano le funzionalit\u00e0 del \u201cmi piace\u201d su Facebook e del \u201c+1\u2033 su G+.<\/p><\/li><\/ul><\/div><div><h3>Fornitori di terze parti<\/h3><p>I fornitori di terze parti, tra cui Google, utilizzano cookie per pubblicare annunci in base alle precedenti visite di un utente su questo sito.<\/p><p>L\u2019utilizzo dei cookie per la pubblicit\u00e0 consente a Google e ai suoi partner di pubblicare annunci per gli utenti di questo sito (e su altri siti) in base ai dati statistici raccolti su questo sito e sui siti web dei partner Google.<\/p><p>Gli utenti possono scegliere di disattivare la pubblicit\u00e0 personalizzata, visitando la pagina <a href=\"https:\/\/www.google.com\/settings\/ads\" target=\"_blank\" rel=\"noopener noreferrer\">Impostazioni annunci<\/a>.<\/p><p>Visitando la pagina www.aboutads.info potrai disattivare i cookies dei fornitori di terze parti.<\/p><\/div><div>\u00a0<\/div><h3>Finalit\u00e0 del trattamento<\/h3><p>I dati possono essere raccolti per una o pi\u00f9 delle seguenti finalit\u00e0:<\/p><ul><li>eseguire gli obblighi previsti da leggi o regolamenti;<\/li><li>gestione contatti;<\/li><\/ul><h3>Modalit\u00e0 del trattamento<\/h3><p>I dati verranno trattati con le seguenti modalit\u00e0:<\/p><ul><li>raccolta dati con modalit\u00e0 single-opt, in apposito database;<\/li><li>organizzazione degli archivi in forma prevalentemente automatizzata, ai sensi del Disciplinare Tecnico in materia di misure minime di sicurezza, Allegato B del Codice della Privacy.<\/li><\/ul><h3>\u00a0<\/h3><h3>Natura obbligatoria<\/h3><p>Tutti i dati richiesti sono obbligatori.<\/p><div><h3>Soggetti a cui dati potranno essere comunicati i dati personali<\/h3><p>I dati raccolti potranno essere comunicati a:<\/p><ul><li>soggetti che debbano avere accesso ai dati, come da norme di legge o di normative secondarie e\/o comunitarie.<\/li><\/ul><\/div><h3>Diritti dell\u2019interessato<\/h3><p>Ai sensi ai sensi dell\u2019art. 7 (Diritto di accesso ai dati personali ed altri diritti) del Codice della Privacy, vi segnaliamo che i vostri diritti in ordine al trattamento dei dati sono:<\/p><ul><li>conoscere, mediante accesso gratuito l\u2019esistenza di trattamenti di dati che possano riguardarvi;<\/li><li>essere informati sulla natura e sulle finalit\u00e0 del trattamento<\/li><li>ottenere a cura del titolare, senza ritardo:<ul><li>la conferma dell\u2019esistenza o meno di dati personali che vi riguardano, anche se non ancora registrati, e la comunicazione in forma intellegibile dei medesimi dati e della loro origine, nonch\u00e9 della logica e delle finalit\u00e0 su cui si basa il trattamento; la richiesta pu\u00f2 essere rinnovata, salva l\u2019esistenza di giustificati motivi, con intervallo non minore di novanta giorni;<\/li><li>la cancellazione, la trasformazione in forma anonima o il blocco dei dati trattati in violazione di legge, compresi quelli di cui non \u00e8 necessaria la conservazione in relazione agli scopi per i quali i dati sono stati raccolti o successivamente trattati;<\/li><li>l\u2019aggiornamento, la rettifica ovvero, qualora vi abbia interesse, l\u2019integrazione dei dati esistenti;<\/li><li>opporvi in tutto o in parte per motivi legittimi al trattamento dei dati personali che vi riguardano ancorch\u00e9 pertinenti allo scopo della raccolta;<\/li><\/ul><\/li><\/ul><p>Vi segnaliamo che il titolare del trattamento ad ogni effetto di legge \u00e8:<\/p><ul><li><b>zerobarriere.net<\/b><\/li><li><b>Via delle Murge 108<br \/><\/b><\/li><\/ul><ul><li><b>70124 \u2013 Bari<\/b><\/li><li><b>E-mail: info@zerobarriere.net<\/b><\/li><\/ul><p>Per esercitare i diritti previsti all\u2019art. 7 del Codice della Privacy ovvero per la cancellazione dei vostri dati dall\u2019archivio, \u00e8 sufficiente contattarci attraverso uno dei canali messi a disposizione.<\/p><p>Tutti i dati sono protetti attraverso l\u2019uso di antivirus, firewall e protezione attraverso password.<\/p><h3>Consenso<\/h3><p>Usando il nostro sito web, acconsenti alla nostra politica sulla privacy e accetti i suoi termini. Se desideri ulteriori informazioni o hai domande sulla nostra politica sulla privacy non esitare a contattarci.<\/p><\/div>\n\t\t\t\t<\/div>\n\t\t\t\t<\/div>\n\t\t\t\t\t\t<\/div>\n\t\t\t\t\t<\/div>\n\t\t<\/div>\n\t\t\t\t\t\t\t\t<\/div>\n\t\t\t\t\t<\/div>\n\t\t<\/section>\n\t\t\t\t\t\t<\/div>\n\t\t\t\t\t\t<\/div>\n\t\t\t\t\t<\/div>\n\t\t","protected":false},"excerpt":{"rendered":"<p>PRIVACY POLICY Informativa ai sensi dell\u2019art. 13 del Codice della Privacy Ai sensi dell\u2019articolo 13 del codice della D.Lgs. 196\/2003, vi rendiamo le seguenti informazioni. Noi di zerobarriere.net riteniamo che la privacy dei nostri visitatori sia estremamente importante. Questo documento descrive dettagliatamente i tipi di informazioni personali raccolti e registrati dal nostro sito e come [&hellip;]<\/p>\n","protected":false},"author":1,"featured_media":0,"parent":0,"menu_order":0,"comment_status":"closed","ping_status":"closed","template":"elementor_header_footer","meta":[],"_links":{"self":[{"href":"https:\/\/www.zerobarriere.net\/public\/wp-json\/wp\/v2\/pages\/919"}],"collection":[{"href":"https:\/\/www.zerobarriere.net\/public\/wp-json\/wp\/v2\/pages"}],"about":[{"href":"https:\/\/www.zerobarriere.net\/public\/wp-json\/wp\/v2\/types\/page"}],"author":[{"embeddable":true,"href":"https:\/\/www.zerobarriere.net\/public\/wp-json\/wp\/v2\/users\/1"}],"replies":[{"embeddable":true,"href":"https:\/\/www.zerobarriere.net\/public\/wp-json\/wp\/v2\/comments?post=919"}],"version-history":[{"count":13,"href":"https:\/\/www.zerobarriere.net\/public\/wp-json\/wp\/v2\/pages\/919\/revisions"}],"predecessor-version":[{"id":933,"href":"https:\/\/www.zerobarriere.net\/public\/wp-json\/wp\/v2\/pages\/919\/revisions\/933"}],"wp:attachment":[{"href":"https:\/\/www.zerobarriere.net\/public\/wp-json\/wp\/v2\/media?parent=919"}],"curies":[{"name":"wp","href":"https:\/\/api.w.org\/{rel}","templated":true}]}}